{"id":14,"date":"2018-09-18T11:53:28","date_gmt":"2018-09-18T11:53:28","guid":{"rendered":"http:\/\/lc-lennestadt.de\/?page_id=14"},"modified":"2025-07-11T12:45:45","modified_gmt":"2025-07-11T12:45:45","slug":"impressum","status":"publish","type":"page","link":"https:\/\/lc-lennestadt.de\/?page_id=14","title":{"rendered":"Impressum"},"content":{"rendered":"\n<h3 class=\"wp-block-heading\">Lions Deutschland<br>Lions Club<br>LC Lennestadt<\/h3>\n\n\n\n<p>Lions Club LC Lennestadt ist ein nicht rechtsf\u00e4higer Verein i.S.d. \u00a754 BGB ohne Rechtspers\u00f6nlichkeit und ohne wirtschaftliche Zielsetzung<\/p>\n\n\n\n<h3 class=\"wp-block-heading\">Vertreten durch<\/h3>\n\n\n\n<p>Dr. Christoph Schneider<\/p>\n\n\n\n<p>Quellengrund 7<\/p>\n\n\n\n<p>57368&nbsp;Lennestadt<\/p>\n\n\n\n<p>Telefon: 02721 929750<\/p>\n\n\n\n<p>E-Mail:&nbsp;<a href=\"mailto:schneider@eccus.eu\">schneider@eccus.eu<\/a><\/p>\n\n\n\n<h3 class=\"wp-block-heading\">Verantwortlich f\u00fcr den redaktionellen Inhalt<\/h3>\n\n\n\n<p>Die Verantwortlichkeit bezieht sich auf die Webpr\u00e4senz des Lions-Clubs&nbsp;LC Lennestadt, die unter der Webseite&nbsp;<a href=\"https:\/\/lennestadt.lions.de\/impressum\"><\/a>erreichbar ist.<\/p>\n\n\n\n<p>Angabe i.S. des \u00a7 5 DDG und Verantwortlichen i.S. \u00a718 MStV<\/p>\n\n\n\n<p>Dr. Christoph Schneider<\/p>\n\n\n\n<p>Quellengrund 7<\/p>\n\n\n\n<p>57368&nbsp;Lennestadt<\/p>\n\n\n\n<p>Telefon: 02721 929750<\/p>\n\n\n\n<p>E-Mail:&nbsp;<a href=\"mailto:schneider@eccus.eu\">schneider@eccus.eu<\/a><\/p>\n\n\n\n<h3 class=\"wp-block-heading\">Aufsichtsbeh\u00f6rde Datenschutz<\/h3>\n\n\n\n<p>Der\/die Landesbeauftragte f\u00fcr den Datenschutz und die Informationsfreiheit<br>Homepage:&nbsp;<a href=\"https:\/\/www.bfdi.bund.de\/DE\/Service\/Anschriften\/Laender\/Laender-node.html\">https:\/\/www.bfdi.bund.de<\/a><\/p>\n\n\n\n<h3 class=\"wp-block-heading\">Datenschutz<\/h3>\n\n\n\n<p>Das Datenschutzteam von Lions Clubs International \u2013 Multi-Distrikt 111-Deutschland erreichen Sie \u00fcber&nbsp;<a href=\"mailto:datenschutz@lions.de\">datenschutz@lions.de<\/a>.<\/p>\n\n\n\n<h3 class=\"wp-block-heading\">Haftungshinweis<\/h3>\n\n\n\n<p>Trotz sorgf\u00e4ltiger inhaltlicher Kontrolle \u00fcbernehmen wir keine Haftung f\u00fcr die Inhalte externer Links. F\u00fcr den Inhalt der verlinkten Seiten sind ausschlie\u00dflich deren Betreiber verantwortlich.<\/p>\n","protected":false},"excerpt":{"rendered":"<p>Lions DeutschlandLions ClubLC Lennestadt Lions Club LC Lennestadt ist ein nicht rechtsf\u00e4higer Verein i.S.d. \u00a754 BGB ohne Rechtspers\u00f6nlichkeit und ohne wirtschaftliche Zielsetzung Vertreten durch Dr. Christoph Schneider Quellengrund 7 57368&nbsp;Lennestadt Telefon: 02721 929750 E-Mail:&nbsp;schneider@eccus.eu Verantwortlich f\u00fcr den redaktionellen Inhalt Die Verantwortlichkeit bezieht sich auf die Webpr\u00e4senz des Lions-Clubs&nbsp;LC Lennestadt, die unter der Webseite&nbsp;erreichbar ist. Angabe &hellip; <a href=\"https:\/\/lc-lennestadt.de\/?page_id=14\" class=\"more-link\"><span class=\"screen-reader-text\">\u201eImpressum\u201c <\/span>weiterlesen<\/a><\/p>\n","protected":false},"author":1,"featured_media":0,"parent":0,"menu_order":0,"comment_status":"closed","ping_status":"closed","template":"","meta":{"footnotes":""},"class_list":["post-14","page","type-page","status-publish","hentry"],"_links":{"self":[{"href":"https:\/\/lc-lennestadt.de\/index.php?rest_route=\/wp\/v2\/pages\/14","targetHints":{"allow":["GET"]}}],"collection":[{"href":"https:\/\/lc-lennestadt.de\/index.php?rest_route=\/wp\/v2\/pages"}],"about":[{"href":"https:\/\/lc-lennestadt.de\/index.php?rest_route=\/wp\/v2\/types\/page"}],"author":[{"embeddable":true,"href":"https:\/\/lc-lennestadt.de\/index.php?rest_route=\/wp\/v2\/users\/1"}],"replies":[{"embeddable":true,"href":"https:\/\/lc-lennestadt.de\/index.php?rest_route=%2Fwp%2Fv2%2Fcomments&post=14"}],"version-history":[{"count":13,"href":"https:\/\/lc-lennestadt.de\/index.php?rest_route=\/wp\/v2\/pages\/14\/revisions"}],"predecessor-version":[{"id":493,"href":"https:\/\/lc-lennestadt.de\/index.php?rest_route=\/wp\/v2\/pages\/14\/revisions\/493"}],"wp:attachment":[{"href":"https:\/\/lc-lennestadt.de\/index.php?rest_route=%2Fwp%2Fv2%2Fmedia&parent=14"}],"curies":[{"name":"wp","href":"https:\/\/api.w.org\/{rel}","templated":true}]}}