{"id":365,"date":"2023-11-16T10:19:13","date_gmt":"2023-11-16T10:19:13","guid":{"rendered":"https:\/\/lc-lennestadt.de\/?page_id=365"},"modified":"2025-07-11T13:06:47","modified_gmt":"2025-07-11T13:06:47","slug":"hospizkonzert","status":"publish","type":"page","link":"https:\/\/lc-lennestadt.de\/?page_id=365","title":{"rendered":"Hospizkonzert"},"content":{"rendered":"\n<p>Am&nbsp;<strong>Donnerstag, den 9. Oktober 2025<\/strong>, l\u00e4dt der F\u00f6rderverein des&nbsp;<strong>Lions Club Lennestadt<\/strong>&nbsp;herzlich zum&nbsp;<strong>Hospizkonzert 2025<\/strong>&nbsp;in die&nbsp;<strong>Volksbank-Arena Sauerlandhalle<\/strong>&nbsp;ein. Es erwartet Sie ein musikalisches Highlight mit dem&nbsp;<strong>Heeresmusikkorps Hannover<\/strong>&nbsp;sowie dem&nbsp;<strong>Luftwaffenmusikkorps M\u00fcnster und Siegburg<\/strong>.<\/p>\n\n\n\n<p>Seit der Gr\u00fcndung des&nbsp;<strong>St. Elisabeth Hospiz<\/strong>&nbsp;im Jahr 1991 fanden bis 2018 insgesamt 28 Hospizkonzerte statt. Nach einer f\u00fcnfj\u00e4hrigen Pause wurde diese beliebte Konzertreihe im vergangenen Jahr durch den Lions Club Lennestadt erfolgreich wiederbelebt. In diesem Jahr feiern wir mit der&nbsp;<strong>30. Ausgabe<\/strong>&nbsp;ein besonderes Jubil\u00e4um \u2013 ein Anlass, der uns mit Stolz und Dankbarkeit erf\u00fcllt.<\/p>\n\n\n\n<p>Gemeinsam mit dem&nbsp;<strong>Hospizverein<\/strong>, der&nbsp;<strong>Bundeswehr<\/strong>, der&nbsp;<strong>Volksbank Sauerland<\/strong>, der&nbsp;<strong>Stadt Lennestadt<\/strong>, der&nbsp;<strong>Gemeinde Kirchhundem<\/strong>, dem&nbsp;<strong>Sch\u00fctzenverein Altenhundem<\/strong>&nbsp;sowie weiteren engagierten Partnern freuen wir uns auf einen unvergesslichen Konzertabend \u2013 mit Ihnen und f\u00fcr einen guten Zweck.<\/p>\n\n\n\n<p>Weitere Details zum diesj\u00e4hrigen Konzert sind dem <a href=\"https:\/\/lc-lennestadt.de\/wp-content\/uploads\/2025\/07\/Plakat-Hospizkonzert-2025.pdf\" data-type=\"attachment\" data-id=\"494\">Flyer<\/a> zu entnehmen.<\/p>\n\n\n\n<figure class=\"wp-block-gallery has-nested-images columns-default is-cropped wp-block-gallery-1 is-layout-flex wp-block-gallery-is-layout-flex\">\n<figure class=\"wp-block-image size-full\"><img loading=\"lazy\" decoding=\"async\" width=\"672\" height=\"945\" data-id=\"500\" src=\"https:\/\/lc-lennestadt.de\/wp-content\/uploads\/2025\/07\/Hospiz20252.jpg\" alt=\"\" class=\"wp-image-500\" srcset=\"https:\/\/lc-lennestadt.de\/wp-content\/uploads\/2025\/07\/Hospiz20252.jpg 672w, https:\/\/lc-lennestadt.de\/wp-content\/uploads\/2025\/07\/Hospiz20252-213x300.jpg 213w\" sizes=\"auto, (max-width: 672px) 85vw, 672px\" \/><\/figure>\n<\/figure>\n","protected":false},"excerpt":{"rendered":"<p>Am&nbsp;Donnerstag, den 9. Oktober 2025, l\u00e4dt der F\u00f6rderverein des&nbsp;Lions Club Lennestadt&nbsp;herzlich zum&nbsp;Hospizkonzert 2025&nbsp;in die&nbsp;Volksbank-Arena Sauerlandhalle&nbsp;ein. Es erwartet Sie ein musikalisches Highlight mit dem&nbsp;Heeresmusikkorps Hannover&nbsp;sowie dem&nbsp;Luftwaffenmusikkorps M\u00fcnster und Siegburg. Seit der Gr\u00fcndung des&nbsp;St. Elisabeth Hospiz&nbsp;im Jahr 1991 fanden bis 2018 insgesamt 28 Hospizkonzerte statt. Nach einer f\u00fcnfj\u00e4hrigen Pause wurde diese beliebte Konzertreihe im vergangenen Jahr durch &hellip; <a href=\"https:\/\/lc-lennestadt.de\/?page_id=365\" class=\"more-link\"><span class=\"screen-reader-text\">\u201eHospizkonzert\u201c <\/span>weiterlesen<\/a><\/p>\n","protected":false},"author":1,"featured_media":0,"parent":0,"menu_order":0,"comment_status":"closed","ping_status":"closed","template":"","meta":{"footnotes":""},"class_list":["post-365","page","type-page","status-publish","hentry"],"_links":{"self":[{"href":"https:\/\/lc-lennestadt.de\/index.php?rest_route=\/wp\/v2\/pages\/365","targetHints":{"allow":["GET"]}}],"collection":[{"href":"https:\/\/lc-lennestadt.de\/index.php?rest_route=\/wp\/v2\/pages"}],"about":[{"href":"https:\/\/lc-lennestadt.de\/index.php?rest_route=\/wp\/v2\/types\/page"}],"author":[{"embeddable":true,"href":"https:\/\/lc-lennestadt.de\/index.php?rest_route=\/wp\/v2\/users\/1"}],"replies":[{"embeddable":true,"href":"https:\/\/lc-lennestadt.de\/index.php?rest_route=%2Fwp%2Fv2%2Fcomments&post=365"}],"version-history":[{"count":8,"href":"https:\/\/lc-lennestadt.de\/index.php?rest_route=\/wp\/v2\/pages\/365\/revisions"}],"predecessor-version":[{"id":501,"href":"https:\/\/lc-lennestadt.de\/index.php?rest_route=\/wp\/v2\/pages\/365\/revisions\/501"}],"wp:attachment":[{"href":"https:\/\/lc-lennestadt.de\/index.php?rest_route=%2Fwp%2Fv2%2Fmedia&parent=365"}],"curies":[{"name":"wp","href":"https:\/\/api.w.org\/{rel}","templated":true}]}}