{"id":65,"date":"2018-09-18T13:17:04","date_gmt":"2018-09-18T13:17:04","guid":{"rendered":"http:\/\/lc-lennestadt.de\/?page_id=65"},"modified":"2025-10-21T11:53:18","modified_gmt":"2025-10-21T11:53:18","slug":"der-gute-zweck","status":"publish","type":"page","link":"https:\/\/lc-lennestadt.de\/?page_id=65","title":{"rendered":"Der gute Zweck"},"content":{"rendered":"<p>Der \u00dcberschuss unserer diesj\u00e4hrigen Kalender-Aktion wird im Wesentlichen zur Unterst\u00fctzung des <strong>St.\u00a0Elisabeth\u00a0Hospiz<\/strong> in Lennestadt\u00a0verwendet.<\/p>\n<p>Das\u00a0<strong>St. Elisabeth-Hospiz<\/strong>\u00a0wurde 1990 mit dem Ziel gegr\u00fcndet, die Voraussetzungen daf\u00fcr zu schaffen, dass unheilbar erkrankte Menschen und ihre Angeh\u00f6rigen im fortgeschrittenen Stadium der Erkrankung Hilfe und Beistand sowie kompetente und respektvolle Betreuung und Pflege erhalten.<\/p>\n<p><a href=\"https:\/\/www.st-elisabeth-hospiz.de\/\">https:\/\/www.st-elisabeth-hospiz.de\/<\/a><\/p>\n","protected":false},"excerpt":{"rendered":"<p>Der \u00dcberschuss unserer diesj\u00e4hrigen Kalender-Aktion wird im Wesentlichen zur Unterst\u00fctzung des St.\u00a0Elisabeth\u00a0Hospiz in Lennestadt\u00a0verwendet. Das\u00a0St. Elisabeth-Hospiz\u00a0wurde 1990 mit dem Ziel gegr\u00fcndet, die Voraussetzungen daf\u00fcr zu schaffen, dass unheilbar erkrankte Menschen und ihre Angeh\u00f6rigen im fortgeschrittenen Stadium der Erkrankung Hilfe und Beistand sowie kompetente und respektvolle Betreuung und Pflege erhalten. https:\/\/www.st-elisabeth-hospiz.de\/<\/p>\n","protected":false},"author":1,"featured_media":0,"parent":0,"menu_order":0,"comment_status":"closed","ping_status":"closed","template":"","meta":{"footnotes":""},"class_list":["post-65","page","type-page","status-publish","hentry"],"_links":{"self":[{"href":"https:\/\/lc-lennestadt.de\/index.php?rest_route=\/wp\/v2\/pages\/65","targetHints":{"allow":["GET"]}}],"collection":[{"href":"https:\/\/lc-lennestadt.de\/index.php?rest_route=\/wp\/v2\/pages"}],"about":[{"href":"https:\/\/lc-lennestadt.de\/index.php?rest_route=\/wp\/v2\/types\/page"}],"author":[{"embeddable":true,"href":"https:\/\/lc-lennestadt.de\/index.php?rest_route=\/wp\/v2\/users\/1"}],"replies":[{"embeddable":true,"href":"https:\/\/lc-lennestadt.de\/index.php?rest_route=%2Fwp%2Fv2%2Fcomments&post=65"}],"version-history":[{"count":8,"href":"https:\/\/lc-lennestadt.de\/index.php?rest_route=\/wp\/v2\/pages\/65\/revisions"}],"predecessor-version":[{"id":507,"href":"https:\/\/lc-lennestadt.de\/index.php?rest_route=\/wp\/v2\/pages\/65\/revisions\/507"}],"wp:attachment":[{"href":"https:\/\/lc-lennestadt.de\/index.php?rest_route=%2Fwp%2Fv2%2Fmedia&parent=65"}],"curies":[{"name":"wp","href":"https:\/\/api.w.org\/{rel}","templated":true}]}}