{"id":70,"date":"2018-09-18T13:44:07","date_gmt":"2018-09-18T13:44:07","guid":{"rendered":"http:\/\/lc-lennestadt.de\/?page_id=70"},"modified":"2018-10-19T09:51:48","modified_gmt":"2018-10-19T09:51:48","slug":"lions-club-lennestadt","status":"publish","type":"page","link":"https:\/\/lc-lennestadt.de\/?page_id=70","title":{"rendered":"Lions Club Lennestadt"},"content":{"rendered":"<p style=\"margin: 0cm; margin-bottom: .0001pt;\">Der Lions Club Lennestadt wurde am 26.04.1976 gegr\u00fcndet hat zur Zeit 29 aktive Mitglieder, \u00fcberwiegend aus der Stadt Lennestadt und der Gemeinde Kirchhundem.<\/p>\n<p>&nbsp;<\/p>\n<p style=\"margin: 0cm; margin-bottom: .0001pt;\">Der Lions Club Lennestadt in Verbindung mit dem LIONS F\u00f6rderverein Lennestadt e.V. stellt sich insbesondere in den Dienst zur F\u00f6rderung lokaler Projekte. Um finanzielle Mittel f\u00fcr wohlt\u00e4tige Zwecke zu generieren, f\u00fchren wir verschiedenste Aktivit\u00e4ten durch, deren Erl\u00f6se an soziale und\/oder karitative Einrichtungen gespendet werden.<\/p>\n<p>&nbsp;<\/p>\n<p style=\"margin: 0cm; margin-bottom: .0001pt;\">So konnten wir in den letzten Jahren durch unsere Aktivit\u00e4ten wie zum Beispiel &#8222;Muttertagskonzerte&#8220; und Golfturniere unter anderem folgende Institutionen und soziale Einrichtungen unterst\u00fctzen:<\/p>\n<p>&nbsp;<\/p>\n<ul>\n<li>Kinderhospiz Balthasar in Olpe<\/li>\n<li>Villa M\u00fcller in Olpe<\/li>\n<li>Ambulanter Hospizdienst Lennestadt-Kirchhundem<\/li>\n<li>St. Elisabeth Hospiz in Altenhundem<\/li>\n<li>Ambulanter Kinderhospizdienstes in Siegen<\/li>\n<li>Kinderg\u00e4rten der Gemeinde Kirchhundem und der Stadt Lennestadt<\/li>\n<li>Klasse 2000 an Grundschulen der Gemeinde Kirchhundem und der Stadt Lennestadt<\/li>\n<li>Lions Quest an weiterf\u00fchrenden Schulen in der Stadt Lennestadt<\/li>\n<li>Ehrenamt in Lennestadt (EiL)<\/li>\n<li>Museumsverein Wendener H\u00fctte<\/li>\n<li>Palliativ-Netzwerk Kreis Olpe<\/li>\n<li>Mutter-Kind-Haus Aline in Olpe<\/li>\n<li>Schwangeren-Beratungsstelle Mirjam in Olpe<\/li>\n<li>MuT-Sauerland e.V. in Kirchhundem-Silberg<\/li>\n<\/ul>\n","protected":false},"excerpt":{"rendered":"<p>Der Lions Club Lennestadt wurde am 26.04.1976 gegr\u00fcndet hat zur Zeit 29 aktive Mitglieder, \u00fcberwiegend aus der Stadt Lennestadt und der Gemeinde Kirchhundem. &nbsp; Der Lions Club Lennestadt in Verbindung mit dem LIONS F\u00f6rderverein Lennestadt e.V. stellt sich insbesondere in den Dienst zur F\u00f6rderung lokaler Projekte. Um finanzielle Mittel f\u00fcr wohlt\u00e4tige Zwecke zu generieren, f\u00fchren &hellip; <a href=\"https:\/\/lc-lennestadt.de\/?page_id=70\" class=\"more-link\"><span class=\"screen-reader-text\">\u201eLions Club Lennestadt\u201c <\/span>weiterlesen<\/a><\/p>\n","protected":false},"author":1,"featured_media":0,"parent":0,"menu_order":0,"comment_status":"closed","ping_status":"closed","template":"","meta":{"footnotes":""},"class_list":["post-70","page","type-page","status-publish","hentry"],"_links":{"self":[{"href":"https:\/\/lc-lennestadt.de\/index.php?rest_route=\/wp\/v2\/pages\/70","targetHints":{"allow":["GET"]}}],"collection":[{"href":"https:\/\/lc-lennestadt.de\/index.php?rest_route=\/wp\/v2\/pages"}],"about":[{"href":"https:\/\/lc-lennestadt.de\/index.php?rest_route=\/wp\/v2\/types\/page"}],"author":[{"embeddable":true,"href":"https:\/\/lc-lennestadt.de\/index.php?rest_route=\/wp\/v2\/users\/1"}],"replies":[{"embeddable":true,"href":"https:\/\/lc-lennestadt.de\/index.php?rest_route=%2Fwp%2Fv2%2Fcomments&post=70"}],"version-history":[{"count":8,"href":"https:\/\/lc-lennestadt.de\/index.php?rest_route=\/wp\/v2\/pages\/70\/revisions"}],"predecessor-version":[{"id":117,"href":"https:\/\/lc-lennestadt.de\/index.php?rest_route=\/wp\/v2\/pages\/70\/revisions\/117"}],"wp:attachment":[{"href":"https:\/\/lc-lennestadt.de\/index.php?rest_route=%2Fwp%2Fv2%2Fmedia&parent=70"}],"curies":[{"name":"wp","href":"https:\/\/api.w.org\/{rel}","templated":true}]}}